{"id":60584,"date":"2025-05-19T11:29:18","date_gmt":"2025-05-19T08:29:18","guid":{"rendered":"https:\/\/tanelveenre.com\/?post_type=product&#038;p=60584"},"modified":"2025-08-11T13:30:48","modified_gmt":"2025-08-11T10:30:48","slug":"unimoon-siidist-unemask-bordoo","status":"publish","type":"product","link":"https:\/\/tanelveenre.com\/en\/product\/unimoon-siidist-unemask-bordoo\/","title":{"rendered":"Unimoon siidist unemask"},"content":{"rendered":"<p style=\"font-weight: 400;\">Moekollektsioon \u201eUnimoon\u201c \u00fchendab disainer Tanel Veenre vaimustuse Eesti rahvuslikest tikanditest tema isiklike m\u00e4lestustega Eestist. Nagu paljude Taneli kollektsioonide puhul, ulatuvad ka \u201eUnimooni\u201c juured lapsep\u00f5lve \u2013 laulu- ja tantsupidudesse, olgu need toimunud Tallinnas v\u00f5i Intsikurmus. Need hetked on toitnud noore kunstniku armastust v\u00e4rvide ja mustrite vastu.<\/p>\n<p style=\"font-weight: 400;\">Kollektsioon sai uue hoo sisse s\u00fcdatalvel, mil Tanel tutvus Eesti Rahva Muuseumi kogudega. Kodus, materjalidega arvutis m\u00e4ngides, hakkasid rahvuslikud tikandid p\u00f5imuma tema isikliku omailma motiividega. Eesti suve kroonid \u2013 moonid! Mesilased \u00f5itel peatumas. Metsmaasikate mekk. K\u00f5ik need v\u00e4ikesed s\u00fcmbolid kokku loovadki kodutunde. Ning muidugi \u2013 hingeloomake: kroonitud merihobu, h\u00f5ljumas unen\u00e4olises universumis.<\/p>\n<p style=\"font-weight: 400;\">Erinevate v\u00e4rvikombinatsioonide ja mugavate l\u00f5igetega r\u00f5ivad on justkui linnainimese rahvariided. K\u00f5ik kollektsiooni unikaalsed kangad on Tanel Veenre enda disainitud ning sobivad erinevatele kehat\u00fc\u00fcpidele.<\/p>\n<p style=\"font-weight: 400;\">Kollektsioon on loodud <em>zero waste<\/em> p\u00f5him\u00f5ttel \u2013 iga ese on ainulaadne ning tr\u00fckitud t\u00e4pselt selle valmistamiseks vajaliku kangakogusega. Iga j\u00e4\u00e4k on leidnud uue elu taskukottides v\u00f5i v\u00f6\u00f6des.<\/p>\n","protected":false},"excerpt":{"rendered":"<p style=\"font-weight: 400;\">Tanel Veenre disainitud unemaskil kohtuvad Eesti rahvustikanditest inspireeritud moonid, mesimummud, merihobud, maasikad ja murtud s\u00fcdamed. Kogu see ilu hiilib sujuvalt sinu unne, kus saad nautida igavese suvep\u00e4eva l\u00f5putut v\u00f5lu. \ud83d\ude09<\/p>\n<p style=\"font-weight: 400;\">Naturaalsest siidist magamismask tagab t\u00e4ieliku pimeduse ja rahuliku une, hoolitsedes samal ajal ka sinu naha eest. Looduslik mulberry siid kaitseb \u00f5rna silma\u00fcmbrust, v\u00e4hendab h\u00f5\u00f5rdumist ning pakub m\u00f5nusat jahedust. T\u00e4ielik pimedus kiirendab uinumist ja aitab nautida s\u00fcgavat, katkematut und.<\/p>\n<p>Kollektsioon: Unimoon<br \/>\nMaterjal: 100% naturaalne 19 momme siid (ka t\u00e4idiseks on siid)<br \/>\nMaski suurus: 22 x 10 cm<\/p>\n","protected":false},"featured_media":60585,"template":"","meta":{"site-sidebar-layout":"default","site-content-layout":"","ast-site-content-layout":"default","site-content-style":"default","site-sidebar-style":"default","ast-global-header-display":"","ast-banner-title-visibility":"","ast-main-header-display":"","ast-hfb-above-header-display":"","ast-hfb-below-header-display":"","ast-hfb-mobile-header-display":"","site-post-title":"","ast-breadcrumbs-content":"","ast-featured-img":"","footer-sml-layout":"","ast-disable-related-posts":"","theme-transparent-header-meta":"default","adv-header-id-meta":"","stick-header-meta":"default","header-above-stick-meta":"","header-main-stick-meta":"","header-below-stick-meta":"","astra-migrate-meta-layouts":"set","ast-page-background-enabled":"default","ast-page-background-meta":{"desktop":{"background-color":"var(--ast-global-color-4)","background-image":"","background-repeat":"repeat","background-position":"center center","background-size":"auto","background-attachment":"scroll","background-type":"","background-media":"","overlay-type":"","overlay-color":"","overlay-opacity":"","overlay-gradient":""},"tablet":{"background-color":"","background-image":"","background-repeat":"repeat","background-position":"center center","background-size":"auto","background-attachment":"scroll","background-type":"","background-media":"","overlay-type":"","overlay-color":"","overlay-opacity":"","overlay-gradient":""},"mobile":{"background-color":"","background-image":"","background-repeat":"repeat","background-position":"center center","background-size":"auto","background-attachment":"scroll","background-type":"","background-media":"","overlay-type":"","overlay-color":"","overlay-opacity":"","overlay-gradient":""}},"ast-content-background-meta":{"desktop":{"background-color":"var(--ast-global-color-5)","background-image":"","background-repeat":"repeat","background-position":"center center","background-size":"auto","background-attachment":"scroll","background-type":"","background-media":"","overlay-type":"","overlay-color":"","overlay-opacity":"","overlay-gradient":""},"tablet":{"background-color":"var(--ast-global-color-5)","background-image":"","background-repeat":"repeat","background-position":"center center","background-size":"auto","background-attachment":"scroll","background-type":"","background-media":"","overlay-type":"","overlay-color":"","overlay-opacity":"","overlay-gradient":""},"mobile":{"background-color":"var(--ast-global-color-5)","background-image":"","background-repeat":"repeat","background-position":"center center","background-size":"auto","background-attachment":"scroll","background-type":"","background-media":"","overlay-type":"","overlay-color":"","overlay-opacity":"","overlay-gradient":""}}},"product_brand":[],"product_cat":[1281],"product_tag":[],"class_list":{"0":"post-60584","1":"product","2":"type-product","3":"status-publish","4":"has-post-thumbnail","6":"product_cat-sleep-masks","7":"desktop-align-left","8":"tablet-align-left","9":"mobile-align-left","10":"ast-product-gallery-layout-horizontal-slider","11":"ast-product-gallery-with-no-image","12":"ast-product-tabs-layout-horizontal","14":"first","15":"instock","16":"taxable","17":"shipping-taxable","18":"purchasable","19":"product-type-simple"},"jetpack_sharing_enabled":true,"_links":{"self":[{"href":"https:\/\/tanelveenre.com\/en\/wp-json\/wp\/v2\/product\/60584","targetHints":{"allow":["GET"]}}],"collection":[{"href":"https:\/\/tanelveenre.com\/en\/wp-json\/wp\/v2\/product"}],"about":[{"href":"https:\/\/tanelveenre.com\/en\/wp-json\/wp\/v2\/types\/product"}],"version-history":[{"count":2,"href":"https:\/\/tanelveenre.com\/en\/wp-json\/wp\/v2\/product\/60584\/revisions"}],"predecessor-version":[{"id":60592,"href":"https:\/\/tanelveenre.com\/en\/wp-json\/wp\/v2\/product\/60584\/revisions\/60592"}],"wp:featuredmedia":[{"embeddable":true,"href":"https:\/\/tanelveenre.com\/en\/wp-json\/wp\/v2\/media\/60585"}],"wp:attachment":[{"href":"https:\/\/tanelveenre.com\/en\/wp-json\/wp\/v2\/media?parent=60584"}],"wp:term":[{"taxonomy":"product_brand","embeddable":true,"href":"https:\/\/tanelveenre.com\/en\/wp-json\/wp\/v2\/product_brand?post=60584"},{"taxonomy":"product_cat","embeddable":true,"href":"https:\/\/tanelveenre.com\/en\/wp-json\/wp\/v2\/product_cat?post=60584"},{"taxonomy":"product_tag","embeddable":true,"href":"https:\/\/tanelveenre.com\/en\/wp-json\/wp\/v2\/product_tag?post=60584"}],"curies":[{"name":"wp","href":"https:\/\/api.w.org\/{rel}","templated":true}]}}